{"id":17184,"date":"2021-04-18T02:25:48","date_gmt":"2021-04-17T23:25:48","guid":{"rendered":"https:\/\/phmus.org\/product\/paper-box-with-a-philhellenic-theme-the-oath\/"},"modified":"2021-04-18T02:25:48","modified_gmt":"2021-04-17T23:25:48","slug":"paper-box-with-a-philhellenic-theme-the-oath","status":"publish","type":"product","link":"https:\/\/phmus.org\/en\/product\/paper-box-with-a-philhellenic-theme-the-oath\/","title":{"rendered":"Paper box with a philhellenic theme: The oath"},"content":{"rendered":"<p>Paper box with a philhellenic theme, Greek fighter swears to win or die, for his homeland and his fianc\u00e9e, 19<sup>th<\/sup> century.<\/p>\n<p>Hand-painted paper m\u00e2ch\u00e9.<\/p>\n<p>10&#215;11 cm<\/p>\n","protected":false},"excerpt":{"rendered":"<p>Paper box with a philhellenic theme, Greek fighter swears to win or die, for his homeland and his fianc\u00e9e, 19th century. Hand-painted paper m\u00e2ch\u00e9. 10&#215;11 cm<\/p>\n","protected":false},"featured_media":17148,"template":"","meta":{"inline_featured_image":false,"_exactmetrics_skip_tracking":false,"_exactmetrics_sitenote_active":false,"_exactmetrics_sitenote_note":"","_exactmetrics_sitenote_category":0},"product_brand":[],"product_cat":[177],"product_tag":[],"class_list":{"0":"post-17184","1":"product","2":"type-product","3":"status-publish","4":"has-post-thumbnail","6":"product_cat-museum-souvenirs","8":"first","9":"instock","10":"shipping-taxable","11":"purchasable","12":"product-type-simple"},"yoast_head":"<!-- This site is optimized with the Yoast SEO plugin v27.5 - https:\/\/yoast.com\/product\/yoast-seo-wordpress\/ -->\n<title>Paper box with a philhellenic theme: The oath - \u039c\u039f\u03a5\u03a3\u0395\u0399\u039f \u03a6\u0399\u039b\u0395\u039b\u039b\u0397\u039d\u0399\u03a3\u039c\u039f\u03a5<\/title>\n<meta name=\"robots\" content=\"index, follow, max-snippet:-1, max-image-preview:large, max-video-preview:-1\" \/>\n<link rel=\"canonical\" href=\"https:\/\/phmus.org\/en\/product\/paper-box-with-a-philhellenic-theme-the-oath\/\" \/>\n<meta property=\"og:locale\" content=\"en_US\" \/>\n<meta property=\"og:type\" content=\"article\" \/>\n<meta property=\"og:title\" content=\"Paper box with a philhellenic theme: The oath - \u039c\u039f\u03a5\u03a3\u0395\u0399\u039f \u03a6\u0399\u039b\u0395\u039b\u039b\u0397\u039d\u0399\u03a3\u039c\u039f\u03a5\" \/>\n<meta property=\"og:description\" content=\"Paper box with a philhellenic theme, Greek fighter swears to win or die, for his homeland and his fianc\u00e9e, 19th century. Hand-painted paper m\u00e2ch\u00e9. 10&#215;11 cm\" \/>\n<meta property=\"og:url\" content=\"https:\/\/phmus.org\/en\/product\/paper-box-with-a-philhellenic-theme-the-oath\/\" \/>\n<meta property=\"og:site_name\" content=\"\u039c\u039f\u03a5\u03a3\u0395\u0399\u039f \u03a6\u0399\u039b\u0395\u039b\u039b\u0397\u039d\u0399\u03a3\u039c\u039f\u03a5\" \/>\n<meta property=\"og:image\" content=\"https:\/\/phmus.org\/wp-content\/uploads\/2021\/04\/box_oath_sq_1.jpg\" \/>\n\t<meta property=\"og:image:width\" content=\"1000\" \/>\n\t<meta property=\"og:image:height\" content=\"1000\" \/>\n\t<meta property=\"og:image:type\" content=\"image\/jpeg\" \/>\n<meta name=\"twitter:card\" content=\"summary_large_image\" \/>\n<script type=\"application\/ld+json\" class=\"yoast-schema-graph\">{\"@context\":\"https:\\\/\\\/schema.org\",\"@graph\":[{\"@type\":\"WebPage\",\"@id\":\"https:\\\/\\\/phmus.org\\\/en\\\/product\\\/paper-box-with-a-philhellenic-theme-the-oath\\\/\",\"url\":\"https:\\\/\\\/phmus.org\\\/en\\\/product\\\/paper-box-with-a-philhellenic-theme-the-oath\\\/\",\"name\":\"Paper box with a philhellenic theme: The oath - \u039c\u039f\u03a5\u03a3\u0395\u0399\u039f \u03a6\u0399\u039b\u0395\u039b\u039b\u0397\u039d\u0399\u03a3\u039c\u039f\u03a5\",\"isPartOf\":{\"@id\":\"https:\\\/\\\/phmus.org\\\/en\\\/#website\"},\"primaryImageOfPage\":{\"@id\":\"https:\\\/\\\/phmus.org\\\/en\\\/product\\\/paper-box-with-a-philhellenic-theme-the-oath\\\/#primaryimage\"},\"image\":{\"@id\":\"https:\\\/\\\/phmus.org\\\/en\\\/product\\\/paper-box-with-a-philhellenic-theme-the-oath\\\/#primaryimage\"},\"thumbnailUrl\":\"https:\\\/\\\/phmus.org\\\/wp-content\\\/uploads\\\/2021\\\/04\\\/box_oath_sq_1.jpg\",\"datePublished\":\"2021-04-17T23:25:48+00:00\",\"breadcrumb\":{\"@id\":\"https:\\\/\\\/phmus.org\\\/en\\\/product\\\/paper-box-with-a-philhellenic-theme-the-oath\\\/#breadcrumb\"},\"inLanguage\":\"en-US\",\"potentialAction\":[{\"@type\":\"ReadAction\",\"target\":[\"https:\\\/\\\/phmus.org\\\/en\\\/product\\\/paper-box-with-a-philhellenic-theme-the-oath\\\/\"]}]},{\"@type\":\"ImageObject\",\"inLanguage\":\"en-US\",\"@id\":\"https:\\\/\\\/phmus.org\\\/en\\\/product\\\/paper-box-with-a-philhellenic-theme-the-oath\\\/#primaryimage\",\"url\":\"https:\\\/\\\/phmus.org\\\/wp-content\\\/uploads\\\/2021\\\/04\\\/box_oath_sq_1.jpg\",\"contentUrl\":\"https:\\\/\\\/phmus.org\\\/wp-content\\\/uploads\\\/2021\\\/04\\\/box_oath_sq_1.jpg\",\"width\":1000,\"height\":1000,\"caption\":\"qrf\"},{\"@type\":\"BreadcrumbList\",\"@id\":\"https:\\\/\\\/phmus.org\\\/en\\\/product\\\/paper-box-with-a-philhellenic-theme-the-oath\\\/#breadcrumb\",\"itemListElement\":[{\"@type\":\"ListItem\",\"position\":1,\"name\":\"Home\",\"item\":\"https:\\\/\\\/phmus.org\\\/en\\\/\"},{\"@type\":\"ListItem\",\"position\":2,\"name\":\"Shop\",\"item\":\"https:\\\/\\\/phmus.org\\\/en\\\/shop\\\/\"},{\"@type\":\"ListItem\",\"position\":3,\"name\":\"Paper box with a philhellenic theme: The oath\"}]},{\"@type\":\"WebSite\",\"@id\":\"https:\\\/\\\/phmus.org\\\/en\\\/#website\",\"url\":\"https:\\\/\\\/phmus.org\\\/en\\\/\",\"name\":\"\u039c\u039f\u03a5\u03a3\u0395\u0399\u039f \u03a6\u0399\u039b\u0395\u039b\u039b\u0397\u039d\u0399\u03a3\u039c\u039f\u03a5\",\"description\":\"\u0388\u03c1\u03b3\u03bf \u03c4\u03b7\u03c2 \u0395\u03c4\u03b1\u03b9\u03c1\u03b5\u03af\u03b1\u03c2 \u03b3\u03b9\u03b1 \u03c4\u03bf\u03bd \u0395\u03bb\u03bb\u03b7\u03bd\u03b9\u03c3\u03bc\u03cc \u03ba\u03b1\u03b9 \u03a6\u03b9\u03bb\u03b5\u03bb\u03bb\u03b7\u03bd\u03b9\u03c3\u03bc\u03cc\",\"publisher\":{\"@id\":\"https:\\\/\\\/phmus.org\\\/en\\\/#organization\"},\"potentialAction\":[{\"@type\":\"SearchAction\",\"target\":{\"@type\":\"EntryPoint\",\"urlTemplate\":\"https:\\\/\\\/phmus.org\\\/en\\\/?s={search_term_string}\"},\"query-input\":{\"@type\":\"PropertyValueSpecification\",\"valueRequired\":true,\"valueName\":\"search_term_string\"}}],\"inLanguage\":\"en-US\"},{\"@type\":\"Organization\",\"@id\":\"https:\\\/\\\/phmus.org\\\/en\\\/#organization\",\"name\":\"\u039c\u039f\u03a5\u03a3\u0395\u0399\u039f \u03a6\u0399\u039b\u0395\u039b\u039b\u0397\u039d\u0399\u03a3\u039c\u039f\u03a5\",\"url\":\"https:\\\/\\\/phmus.org\\\/en\\\/\",\"logo\":{\"@type\":\"ImageObject\",\"inLanguage\":\"en-US\",\"@id\":\"https:\\\/\\\/phmus.org\\\/en\\\/#\\\/schema\\\/logo\\\/image\\\/\",\"url\":\"https:\\\/\\\/phmus.org\\\/wp-content\\\/uploads\\\/2021\\\/04\\\/logo_museum_el.png\",\"contentUrl\":\"https:\\\/\\\/phmus.org\\\/wp-content\\\/uploads\\\/2021\\\/04\\\/logo_museum_el.png\",\"width\":275,\"height\":85,\"caption\":\"\u039c\u039f\u03a5\u03a3\u0395\u0399\u039f \u03a6\u0399\u039b\u0395\u039b\u039b\u0397\u039d\u0399\u03a3\u039c\u039f\u03a5\"},\"image\":{\"@id\":\"https:\\\/\\\/phmus.org\\\/en\\\/#\\\/schema\\\/logo\\\/image\\\/\"}}]}<\/script>\n<!-- \/ Yoast SEO plugin. -->","yoast_head_json":{"title":"Paper box with a philhellenic theme: The oath - \u039c\u039f\u03a5\u03a3\u0395\u0399\u039f \u03a6\u0399\u039b\u0395\u039b\u039b\u0397\u039d\u0399\u03a3\u039c\u039f\u03a5","robots":{"index":"index","follow":"follow","max-snippet":"max-snippet:-1","max-image-preview":"max-image-preview:large","max-video-preview":"max-video-preview:-1"},"canonical":"https:\/\/phmus.org\/en\/product\/paper-box-with-a-philhellenic-theme-the-oath\/","og_locale":"en_US","og_type":"article","og_title":"Paper box with a philhellenic theme: The oath - \u039c\u039f\u03a5\u03a3\u0395\u0399\u039f \u03a6\u0399\u039b\u0395\u039b\u039b\u0397\u039d\u0399\u03a3\u039c\u039f\u03a5","og_description":"Paper box with a philhellenic theme, Greek fighter swears to win or die, for his homeland and his fianc\u00e9e, 19th century. Hand-painted paper m\u00e2ch\u00e9. 10&#215;11 cm","og_url":"https:\/\/phmus.org\/en\/product\/paper-box-with-a-philhellenic-theme-the-oath\/","og_site_name":"\u039c\u039f\u03a5\u03a3\u0395\u0399\u039f \u03a6\u0399\u039b\u0395\u039b\u039b\u0397\u039d\u0399\u03a3\u039c\u039f\u03a5","og_image":[{"width":1000,"height":1000,"url":"https:\/\/phmus.org\/wp-content\/uploads\/2021\/04\/box_oath_sq_1.jpg","type":"image\/jpeg"}],"twitter_card":"summary_large_image","schema":{"@context":"https:\/\/schema.org","@graph":[{"@type":"WebPage","@id":"https:\/\/phmus.org\/en\/product\/paper-box-with-a-philhellenic-theme-the-oath\/","url":"https:\/\/phmus.org\/en\/product\/paper-box-with-a-philhellenic-theme-the-oath\/","name":"Paper box with a philhellenic theme: The oath - \u039c\u039f\u03a5\u03a3\u0395\u0399\u039f \u03a6\u0399\u039b\u0395\u039b\u039b\u0397\u039d\u0399\u03a3\u039c\u039f\u03a5","isPartOf":{"@id":"https:\/\/phmus.org\/en\/#website"},"primaryImageOfPage":{"@id":"https:\/\/phmus.org\/en\/product\/paper-box-with-a-philhellenic-theme-the-oath\/#primaryimage"},"image":{"@id":"https:\/\/phmus.org\/en\/product\/paper-box-with-a-philhellenic-theme-the-oath\/#primaryimage"},"thumbnailUrl":"https:\/\/phmus.org\/wp-content\/uploads\/2021\/04\/box_oath_sq_1.jpg","datePublished":"2021-04-17T23:25:48+00:00","breadcrumb":{"@id":"https:\/\/phmus.org\/en\/product\/paper-box-with-a-philhellenic-theme-the-oath\/#breadcrumb"},"inLanguage":"en-US","potentialAction":[{"@type":"ReadAction","target":["https:\/\/phmus.org\/en\/product\/paper-box-with-a-philhellenic-theme-the-oath\/"]}]},{"@type":"ImageObject","inLanguage":"en-US","@id":"https:\/\/phmus.org\/en\/product\/paper-box-with-a-philhellenic-theme-the-oath\/#primaryimage","url":"https:\/\/phmus.org\/wp-content\/uploads\/2021\/04\/box_oath_sq_1.jpg","contentUrl":"https:\/\/phmus.org\/wp-content\/uploads\/2021\/04\/box_oath_sq_1.jpg","width":1000,"height":1000,"caption":"qrf"},{"@type":"BreadcrumbList","@id":"https:\/\/phmus.org\/en\/product\/paper-box-with-a-philhellenic-theme-the-oath\/#breadcrumb","itemListElement":[{"@type":"ListItem","position":1,"name":"Home","item":"https:\/\/phmus.org\/en\/"},{"@type":"ListItem","position":2,"name":"Shop","item":"https:\/\/phmus.org\/en\/shop\/"},{"@type":"ListItem","position":3,"name":"Paper box with a philhellenic theme: The oath"}]},{"@type":"WebSite","@id":"https:\/\/phmus.org\/en\/#website","url":"https:\/\/phmus.org\/en\/","name":"\u039c\u039f\u03a5\u03a3\u0395\u0399\u039f \u03a6\u0399\u039b\u0395\u039b\u039b\u0397\u039d\u0399\u03a3\u039c\u039f\u03a5","description":"\u0388\u03c1\u03b3\u03bf \u03c4\u03b7\u03c2 \u0395\u03c4\u03b1\u03b9\u03c1\u03b5\u03af\u03b1\u03c2 \u03b3\u03b9\u03b1 \u03c4\u03bf\u03bd \u0395\u03bb\u03bb\u03b7\u03bd\u03b9\u03c3\u03bc\u03cc \u03ba\u03b1\u03b9 \u03a6\u03b9\u03bb\u03b5\u03bb\u03bb\u03b7\u03bd\u03b9\u03c3\u03bc\u03cc","publisher":{"@id":"https:\/\/phmus.org\/en\/#organization"},"potentialAction":[{"@type":"SearchAction","target":{"@type":"EntryPoint","urlTemplate":"https:\/\/phmus.org\/en\/?s={search_term_string}"},"query-input":{"@type":"PropertyValueSpecification","valueRequired":true,"valueName":"search_term_string"}}],"inLanguage":"en-US"},{"@type":"Organization","@id":"https:\/\/phmus.org\/en\/#organization","name":"\u039c\u039f\u03a5\u03a3\u0395\u0399\u039f \u03a6\u0399\u039b\u0395\u039b\u039b\u0397\u039d\u0399\u03a3\u039c\u039f\u03a5","url":"https:\/\/phmus.org\/en\/","logo":{"@type":"ImageObject","inLanguage":"en-US","@id":"https:\/\/phmus.org\/en\/#\/schema\/logo\/image\/","url":"https:\/\/phmus.org\/wp-content\/uploads\/2021\/04\/logo_museum_el.png","contentUrl":"https:\/\/phmus.org\/wp-content\/uploads\/2021\/04\/logo_museum_el.png","width":275,"height":85,"caption":"\u039c\u039f\u03a5\u03a3\u0395\u0399\u039f \u03a6\u0399\u039b\u0395\u039b\u039b\u0397\u039d\u0399\u03a3\u039c\u039f\u03a5"},"image":{"@id":"https:\/\/phmus.org\/en\/#\/schema\/logo\/image\/"}}]}},"_links":{"self":[{"href":"https:\/\/phmus.org\/en\/wp-json\/wp\/v2\/product\/17184","targetHints":{"allow":["GET"]}}],"collection":[{"href":"https:\/\/phmus.org\/en\/wp-json\/wp\/v2\/product"}],"about":[{"href":"https:\/\/phmus.org\/en\/wp-json\/wp\/v2\/types\/product"}],"wp:featuredmedia":[{"embeddable":true,"href":"https:\/\/phmus.org\/en\/wp-json\/wp\/v2\/media\/17148"}],"wp:attachment":[{"href":"https:\/\/phmus.org\/en\/wp-json\/wp\/v2\/media?parent=17184"}],"wp:term":[{"taxonomy":"product_brand","embeddable":true,"href":"https:\/\/phmus.org\/en\/wp-json\/wp\/v2\/product_brand?post=17184"},{"taxonomy":"product_cat","embeddable":true,"href":"https:\/\/phmus.org\/en\/wp-json\/wp\/v2\/product_cat?post=17184"},{"taxonomy":"product_tag","embeddable":true,"href":"https:\/\/phmus.org\/en\/wp-json\/wp\/v2\/product_tag?post=17184"}],"curies":[{"name":"wp","href":"https:\/\/api.w.org\/{rel}","templated":true}]}}