{"id":21223,"date":"2022-07-04T14:50:19","date_gmt":"2022-07-04T11:59:00","guid":{"rendered":"https:\/\/phmus.org\/?post_type=product&#038;p=21223"},"modified":"2022-07-04T15:06:09","modified_gmt":"2022-07-04T12:06:09","slug":"the-battle-of-peta-a-cornerstone-of-the-european-unification","status":"publish","type":"product","link":"https:\/\/phmus.org\/en\/product\/the-battle-of-peta-a-cornerstone-of-the-european-unification\/","title":{"rendered":"The Battle of Peta, A cornerstone of the European unification"},"content":{"rendered":"<p>The book refers to the processes of the Philhellenic movement in Europe that led hundreds of volunteers Philhellenes to Greece in 1822, the establishment of the Regular Army and the Battalion of Philhellenes, the Epirus campaign and the battles of Komboti and Peta. It presents the main contributors and the biographies of the volunteers Philhellenes who sacrificed themselves for Greece. It explains why this multinational force, which was formed on the basis of the values of Greek civilisation, offered the first seed for the unification of Europe.<\/p>\n<p>\u0397 \u039c\u03ac\u03c7\u03b7 \u03c4\u03bf\u03c5 \u03a0\u03ad\u03c4\u03b1, \u0398\u03b5\u03bc\u03ad\u03bb\u03b9\u03bf\u03c2 \u03bb\u03af\u03b8\u03bf\u03c2 \u03c4\u03b7\u03c2 \u0395\u03c5\u03c1\u03c9\u03c0\u03b1\u03ca\u03ba\u03ae\u03c2 \u03b5\u03bd\u03bf\u03c0\u03bf\u03af\u03b7\u03c3\u03b7\u03c2<br \/>\nLa bataille de Peta, Un jalon cl\u00e9 de l&#8217;unification europ\u00e9enne<br \/>\nDie Schlacht von Peta, Ein Eckpfeiler der europ\u00e4ischen Vereinigung<br \/>\nLa battaglia di Peta, Una pietra miliare dell&#8217;unificazione europea<br \/>\nBitwa pod Pet\u0105, Kamie\u0144 w\u0119gielny zjednoczenia Europy<\/p>\n<p>Price: 14,40 \u20ac<\/p>\n<p>Publications:\u00a0\u00a0 Society for Hellenism and Philhellenism<br \/>\nAuthor: \u039a\u03c9\u03bd\u03c3\u03c4\u03b1\u03bd\u03c4\u03af\u03bd\u03bf\u03c2 \u0392\u03b5\u03bb\u03ad\u03bd\u03c4\u03b6\u03b1\u03c2<br \/>\nEnglish Translation: Nathan Ticknor (descendant of American Philhellene Dr. Samuel Gridley Howe)<br \/>\nFrench Translation: Dr. Vincent Touze (descendant of French Philhellene Maxime Raybaud)<br \/>\nGerman Translation: Prof. Nikolaos Apostolidis (descendant of the German Philhellene Dr. Heinrich Treiber)<br \/>\nItalian Translation: Alberto &amp; Anna Roccavilla (descendant of the Italian Philhellene Michele Roccavilla)<br \/>\nPolish Translation: Prof. Maria Kalinowska, Prof. Go\u015bciwit Malinowski<\/p>\n<p>ISBN:\u00a0\u00a0978-618-85185-1-3<br \/>\nEdition:\u00a0\u00a0 1 \u0399\u03bf\u03c5\u03bb\u03af\u03bf\u03c5 2022<br \/>\nLanguage of the original text:\u00a0\u00a0 Greek<br \/>\nTitle of the original: \u0397 \u039c\u03ac\u03c7\u03b7 \u03c4\u03bf\u03c5 \u03a0\u03ad\u03c4\u03b1, \u0398\u03b5\u03bc\u03ad\u03bb\u03b9\u03bf\u03c2 \u03bb\u03af\u03b8\u03bf\u03c2 \u03c4\u03b7\u03c2 \u0395\u03c5\u03c1\u03c9\u03c0\u03b1\u03ca\u03ba\u03ae\u03c2 \u03b5\u03bd\u03bf\u03c0\u03bf\u03af\u03b7\u03c3\u03b7\u03c2<br \/>\nPublication in 6 languages: \u0395\u03bb\u03bb\u03b7\u03bd\u03b9\u03ba\u03ac, \u0391\u03b3\u03b3\u03bb\u03b9\u03ba\u03ac, \u0393\u03b1\u03bb\u03bb\u03b9\u03ba\u03ac, \u0393\u03b5\u03c1\u03bc\u03b1\u03bd\u03b9\u03ba\u03ac, \u0399\u03c4\u03b1\u03bb\u03b9\u03ba\u03ac, \u03a0\u03bf\u03bb\u03c9\u03bd\u03b9\u03ba\u03ac.<br \/>\nSize:\u00a0\u00a0 22.0 x 24.0 cm<br \/>\nPages:\u00a0\u00a0 180<\/p>\n<p>&nbsp;<\/p>\n","protected":false},"excerpt":{"rendered":"<p>The book refers to the processes of the Philhellenic movement in Europe that led hundreds of volunteers Philhellenes to Greece in 1822, the establishment of the Regular Army and the Battalion of Philhellenes, the Epirus campaign and the battles of Komboti and Peta. It presents the main contributors and the biographies of the volunteers Philhellenes [&hellip;]<\/p>\n","protected":false},"featured_media":21214,"template":"","meta":{"inline_featured_image":false,"_exactmetrics_skip_tracking":false,"_exactmetrics_sitenote_active":false,"_exactmetrics_sitenote_note":"","_exactmetrics_sitenote_category":0},"product_brand":[],"product_cat":[174],"product_tag":[],"class_list":{"0":"post-21223","1":"product","2":"type-product","3":"status-publish","4":"has-post-thumbnail","6":"product_cat-books","8":"first","9":"instock","10":"shipping-taxable","11":"purchasable","12":"product-type-simple"},"yoast_head":"<!-- This site is optimized with the Yoast SEO plugin v27.5 - https:\/\/yoast.com\/product\/yoast-seo-wordpress\/ -->\n<title>The Battle of Peta, A cornerstone of the European unification - \u039c\u039f\u03a5\u03a3\u0395\u0399\u039f \u03a6\u0399\u039b\u0395\u039b\u039b\u0397\u039d\u0399\u03a3\u039c\u039f\u03a5<\/title>\n<meta name=\"robots\" content=\"index, follow, max-snippet:-1, max-image-preview:large, max-video-preview:-1\" \/>\n<link rel=\"canonical\" href=\"https:\/\/phmus.org\/en\/product\/the-battle-of-peta-a-cornerstone-of-the-european-unification\/\" \/>\n<meta property=\"og:locale\" content=\"en_US\" \/>\n<meta property=\"og:type\" content=\"article\" \/>\n<meta property=\"og:title\" content=\"The Battle of Peta, A cornerstone of the European unification - \u039c\u039f\u03a5\u03a3\u0395\u0399\u039f \u03a6\u0399\u039b\u0395\u039b\u039b\u0397\u039d\u0399\u03a3\u039c\u039f\u03a5\" \/>\n<meta property=\"og:description\" content=\"The book refers to the processes of the Philhellenic movement in Europe that led hundreds of volunteers Philhellenes to Greece in 1822, the establishment of the Regular Army and the Battalion of Philhellenes, the Epirus campaign and the battles of Komboti and Peta. It presents the main contributors and the biographies of the volunteers Philhellenes [&hellip;]\" \/>\n<meta property=\"og:url\" content=\"https:\/\/phmus.org\/en\/product\/the-battle-of-peta-a-cornerstone-of-the-european-unification\/\" \/>\n<meta property=\"og:site_name\" content=\"\u039c\u039f\u03a5\u03a3\u0395\u0399\u039f \u03a6\u0399\u039b\u0395\u039b\u039b\u0397\u039d\u0399\u03a3\u039c\u039f\u03a5\" \/>\n<meta property=\"article:modified_time\" content=\"2022-07-04T12:06:09+00:00\" \/>\n<meta property=\"og:image\" content=\"https:\/\/phmus.org\/wp-content\/uploads\/2022\/07\/Peta_Gift_Shop_1.jpg\" \/>\n\t<meta property=\"og:image:width\" content=\"1920\" \/>\n\t<meta property=\"og:image:height\" content=\"1760\" \/>\n\t<meta property=\"og:image:type\" content=\"image\/jpeg\" \/>\n<meta name=\"twitter:card\" content=\"summary_large_image\" \/>\n<meta name=\"twitter:label1\" content=\"Est. reading time\" \/>\n\t<meta name=\"twitter:data1\" content=\"1 minute\" \/>\n<script type=\"application\/ld+json\" class=\"yoast-schema-graph\">{\"@context\":\"https:\\\/\\\/schema.org\",\"@graph\":[{\"@type\":\"WebPage\",\"@id\":\"https:\\\/\\\/phmus.org\\\/en\\\/product\\\/the-battle-of-peta-a-cornerstone-of-the-european-unification\\\/\",\"url\":\"https:\\\/\\\/phmus.org\\\/en\\\/product\\\/the-battle-of-peta-a-cornerstone-of-the-european-unification\\\/\",\"name\":\"The Battle of Peta, A cornerstone of the European unification - \u039c\u039f\u03a5\u03a3\u0395\u0399\u039f \u03a6\u0399\u039b\u0395\u039b\u039b\u0397\u039d\u0399\u03a3\u039c\u039f\u03a5\",\"isPartOf\":{\"@id\":\"https:\\\/\\\/phmus.org\\\/en\\\/#website\"},\"primaryImageOfPage\":{\"@id\":\"https:\\\/\\\/phmus.org\\\/en\\\/product\\\/the-battle-of-peta-a-cornerstone-of-the-european-unification\\\/#primaryimage\"},\"image\":{\"@id\":\"https:\\\/\\\/phmus.org\\\/en\\\/product\\\/the-battle-of-peta-a-cornerstone-of-the-european-unification\\\/#primaryimage\"},\"thumbnailUrl\":\"https:\\\/\\\/phmus.org\\\/wp-content\\\/uploads\\\/2022\\\/07\\\/Peta_Gift_Shop_1.jpg\",\"datePublished\":\"2022-07-04T11:59:00+00:00\",\"dateModified\":\"2022-07-04T12:06:09+00:00\",\"breadcrumb\":{\"@id\":\"https:\\\/\\\/phmus.org\\\/en\\\/product\\\/the-battle-of-peta-a-cornerstone-of-the-european-unification\\\/#breadcrumb\"},\"inLanguage\":\"en-US\",\"potentialAction\":[{\"@type\":\"ReadAction\",\"target\":[\"https:\\\/\\\/phmus.org\\\/en\\\/product\\\/the-battle-of-peta-a-cornerstone-of-the-european-unification\\\/\"]}]},{\"@type\":\"ImageObject\",\"inLanguage\":\"en-US\",\"@id\":\"https:\\\/\\\/phmus.org\\\/en\\\/product\\\/the-battle-of-peta-a-cornerstone-of-the-european-unification\\\/#primaryimage\",\"url\":\"https:\\\/\\\/phmus.org\\\/wp-content\\\/uploads\\\/2022\\\/07\\\/Peta_Gift_Shop_1.jpg\",\"contentUrl\":\"https:\\\/\\\/phmus.org\\\/wp-content\\\/uploads\\\/2022\\\/07\\\/Peta_Gift_Shop_1.jpg\",\"width\":1920,\"height\":1760},{\"@type\":\"BreadcrumbList\",\"@id\":\"https:\\\/\\\/phmus.org\\\/en\\\/product\\\/the-battle-of-peta-a-cornerstone-of-the-european-unification\\\/#breadcrumb\",\"itemListElement\":[{\"@type\":\"ListItem\",\"position\":1,\"name\":\"Home\",\"item\":\"https:\\\/\\\/phmus.org\\\/en\\\/\"},{\"@type\":\"ListItem\",\"position\":2,\"name\":\"Shop\",\"item\":\"https:\\\/\\\/phmus.org\\\/en\\\/shop\\\/\"},{\"@type\":\"ListItem\",\"position\":3,\"name\":\"The Battle of Peta, A cornerstone of the European unification\"}]},{\"@type\":\"WebSite\",\"@id\":\"https:\\\/\\\/phmus.org\\\/en\\\/#website\",\"url\":\"https:\\\/\\\/phmus.org\\\/en\\\/\",\"name\":\"\u039c\u039f\u03a5\u03a3\u0395\u0399\u039f \u03a6\u0399\u039b\u0395\u039b\u039b\u0397\u039d\u0399\u03a3\u039c\u039f\u03a5\",\"description\":\"\u0388\u03c1\u03b3\u03bf \u03c4\u03b7\u03c2 \u0395\u03c4\u03b1\u03b9\u03c1\u03b5\u03af\u03b1\u03c2 \u03b3\u03b9\u03b1 \u03c4\u03bf\u03bd \u0395\u03bb\u03bb\u03b7\u03bd\u03b9\u03c3\u03bc\u03cc \u03ba\u03b1\u03b9 \u03a6\u03b9\u03bb\u03b5\u03bb\u03bb\u03b7\u03bd\u03b9\u03c3\u03bc\u03cc\",\"publisher\":{\"@id\":\"https:\\\/\\\/phmus.org\\\/en\\\/#organization\"},\"potentialAction\":[{\"@type\":\"SearchAction\",\"target\":{\"@type\":\"EntryPoint\",\"urlTemplate\":\"https:\\\/\\\/phmus.org\\\/en\\\/?s={search_term_string}\"},\"query-input\":{\"@type\":\"PropertyValueSpecification\",\"valueRequired\":true,\"valueName\":\"search_term_string\"}}],\"inLanguage\":\"en-US\"},{\"@type\":\"Organization\",\"@id\":\"https:\\\/\\\/phmus.org\\\/en\\\/#organization\",\"name\":\"\u039c\u039f\u03a5\u03a3\u0395\u0399\u039f \u03a6\u0399\u039b\u0395\u039b\u039b\u0397\u039d\u0399\u03a3\u039c\u039f\u03a5\",\"url\":\"https:\\\/\\\/phmus.org\\\/en\\\/\",\"logo\":{\"@type\":\"ImageObject\",\"inLanguage\":\"en-US\",\"@id\":\"https:\\\/\\\/phmus.org\\\/en\\\/#\\\/schema\\\/logo\\\/image\\\/\",\"url\":\"https:\\\/\\\/phmus.org\\\/wp-content\\\/uploads\\\/2021\\\/04\\\/logo_museum_el.png\",\"contentUrl\":\"https:\\\/\\\/phmus.org\\\/wp-content\\\/uploads\\\/2021\\\/04\\\/logo_museum_el.png\",\"width\":275,\"height\":85,\"caption\":\"\u039c\u039f\u03a5\u03a3\u0395\u0399\u039f \u03a6\u0399\u039b\u0395\u039b\u039b\u0397\u039d\u0399\u03a3\u039c\u039f\u03a5\"},\"image\":{\"@id\":\"https:\\\/\\\/phmus.org\\\/en\\\/#\\\/schema\\\/logo\\\/image\\\/\"}}]}<\/script>\n<!-- \/ Yoast SEO plugin. -->","yoast_head_json":{"title":"The Battle of Peta, A cornerstone of the European unification - \u039c\u039f\u03a5\u03a3\u0395\u0399\u039f \u03a6\u0399\u039b\u0395\u039b\u039b\u0397\u039d\u0399\u03a3\u039c\u039f\u03a5","robots":{"index":"index","follow":"follow","max-snippet":"max-snippet:-1","max-image-preview":"max-image-preview:large","max-video-preview":"max-video-preview:-1"},"canonical":"https:\/\/phmus.org\/en\/product\/the-battle-of-peta-a-cornerstone-of-the-european-unification\/","og_locale":"en_US","og_type":"article","og_title":"The Battle of Peta, A cornerstone of the European unification - \u039c\u039f\u03a5\u03a3\u0395\u0399\u039f \u03a6\u0399\u039b\u0395\u039b\u039b\u0397\u039d\u0399\u03a3\u039c\u039f\u03a5","og_description":"The book refers to the processes of the Philhellenic movement in Europe that led hundreds of volunteers Philhellenes to Greece in 1822, the establishment of the Regular Army and the Battalion of Philhellenes, the Epirus campaign and the battles of Komboti and Peta. It presents the main contributors and the biographies of the volunteers Philhellenes [&hellip;]","og_url":"https:\/\/phmus.org\/en\/product\/the-battle-of-peta-a-cornerstone-of-the-european-unification\/","og_site_name":"\u039c\u039f\u03a5\u03a3\u0395\u0399\u039f \u03a6\u0399\u039b\u0395\u039b\u039b\u0397\u039d\u0399\u03a3\u039c\u039f\u03a5","article_modified_time":"2022-07-04T12:06:09+00:00","og_image":[{"width":1920,"height":1760,"url":"https:\/\/phmus.org\/wp-content\/uploads\/2022\/07\/Peta_Gift_Shop_1.jpg","type":"image\/jpeg"}],"twitter_card":"summary_large_image","twitter_misc":{"Est. reading time":"1 minute"},"schema":{"@context":"https:\/\/schema.org","@graph":[{"@type":"WebPage","@id":"https:\/\/phmus.org\/en\/product\/the-battle-of-peta-a-cornerstone-of-the-european-unification\/","url":"https:\/\/phmus.org\/en\/product\/the-battle-of-peta-a-cornerstone-of-the-european-unification\/","name":"The Battle of Peta, A cornerstone of the European unification - \u039c\u039f\u03a5\u03a3\u0395\u0399\u039f \u03a6\u0399\u039b\u0395\u039b\u039b\u0397\u039d\u0399\u03a3\u039c\u039f\u03a5","isPartOf":{"@id":"https:\/\/phmus.org\/en\/#website"},"primaryImageOfPage":{"@id":"https:\/\/phmus.org\/en\/product\/the-battle-of-peta-a-cornerstone-of-the-european-unification\/#primaryimage"},"image":{"@id":"https:\/\/phmus.org\/en\/product\/the-battle-of-peta-a-cornerstone-of-the-european-unification\/#primaryimage"},"thumbnailUrl":"https:\/\/phmus.org\/wp-content\/uploads\/2022\/07\/Peta_Gift_Shop_1.jpg","datePublished":"2022-07-04T11:59:00+00:00","dateModified":"2022-07-04T12:06:09+00:00","breadcrumb":{"@id":"https:\/\/phmus.org\/en\/product\/the-battle-of-peta-a-cornerstone-of-the-european-unification\/#breadcrumb"},"inLanguage":"en-US","potentialAction":[{"@type":"ReadAction","target":["https:\/\/phmus.org\/en\/product\/the-battle-of-peta-a-cornerstone-of-the-european-unification\/"]}]},{"@type":"ImageObject","inLanguage":"en-US","@id":"https:\/\/phmus.org\/en\/product\/the-battle-of-peta-a-cornerstone-of-the-european-unification\/#primaryimage","url":"https:\/\/phmus.org\/wp-content\/uploads\/2022\/07\/Peta_Gift_Shop_1.jpg","contentUrl":"https:\/\/phmus.org\/wp-content\/uploads\/2022\/07\/Peta_Gift_Shop_1.jpg","width":1920,"height":1760},{"@type":"BreadcrumbList","@id":"https:\/\/phmus.org\/en\/product\/the-battle-of-peta-a-cornerstone-of-the-european-unification\/#breadcrumb","itemListElement":[{"@type":"ListItem","position":1,"name":"Home","item":"https:\/\/phmus.org\/en\/"},{"@type":"ListItem","position":2,"name":"Shop","item":"https:\/\/phmus.org\/en\/shop\/"},{"@type":"ListItem","position":3,"name":"The Battle of Peta, A cornerstone of the European unification"}]},{"@type":"WebSite","@id":"https:\/\/phmus.org\/en\/#website","url":"https:\/\/phmus.org\/en\/","name":"\u039c\u039f\u03a5\u03a3\u0395\u0399\u039f \u03a6\u0399\u039b\u0395\u039b\u039b\u0397\u039d\u0399\u03a3\u039c\u039f\u03a5","description":"\u0388\u03c1\u03b3\u03bf \u03c4\u03b7\u03c2 \u0395\u03c4\u03b1\u03b9\u03c1\u03b5\u03af\u03b1\u03c2 \u03b3\u03b9\u03b1 \u03c4\u03bf\u03bd \u0395\u03bb\u03bb\u03b7\u03bd\u03b9\u03c3\u03bc\u03cc \u03ba\u03b1\u03b9 \u03a6\u03b9\u03bb\u03b5\u03bb\u03bb\u03b7\u03bd\u03b9\u03c3\u03bc\u03cc","publisher":{"@id":"https:\/\/phmus.org\/en\/#organization"},"potentialAction":[{"@type":"SearchAction","target":{"@type":"EntryPoint","urlTemplate":"https:\/\/phmus.org\/en\/?s={search_term_string}"},"query-input":{"@type":"PropertyValueSpecification","valueRequired":true,"valueName":"search_term_string"}}],"inLanguage":"en-US"},{"@type":"Organization","@id":"https:\/\/phmus.org\/en\/#organization","name":"\u039c\u039f\u03a5\u03a3\u0395\u0399\u039f \u03a6\u0399\u039b\u0395\u039b\u039b\u0397\u039d\u0399\u03a3\u039c\u039f\u03a5","url":"https:\/\/phmus.org\/en\/","logo":{"@type":"ImageObject","inLanguage":"en-US","@id":"https:\/\/phmus.org\/en\/#\/schema\/logo\/image\/","url":"https:\/\/phmus.org\/wp-content\/uploads\/2021\/04\/logo_museum_el.png","contentUrl":"https:\/\/phmus.org\/wp-content\/uploads\/2021\/04\/logo_museum_el.png","width":275,"height":85,"caption":"\u039c\u039f\u03a5\u03a3\u0395\u0399\u039f \u03a6\u0399\u039b\u0395\u039b\u039b\u0397\u039d\u0399\u03a3\u039c\u039f\u03a5"},"image":{"@id":"https:\/\/phmus.org\/en\/#\/schema\/logo\/image\/"}}]}},"_links":{"self":[{"href":"https:\/\/phmus.org\/en\/wp-json\/wp\/v2\/product\/21223","targetHints":{"allow":["GET"]}}],"collection":[{"href":"https:\/\/phmus.org\/en\/wp-json\/wp\/v2\/product"}],"about":[{"href":"https:\/\/phmus.org\/en\/wp-json\/wp\/v2\/types\/product"}],"wp:featuredmedia":[{"embeddable":true,"href":"https:\/\/phmus.org\/en\/wp-json\/wp\/v2\/media\/21214"}],"wp:attachment":[{"href":"https:\/\/phmus.org\/en\/wp-json\/wp\/v2\/media?parent=21223"}],"wp:term":[{"taxonomy":"product_brand","embeddable":true,"href":"https:\/\/phmus.org\/en\/wp-json\/wp\/v2\/product_brand?post=21223"},{"taxonomy":"product_cat","embeddable":true,"href":"https:\/\/phmus.org\/en\/wp-json\/wp\/v2\/product_cat?post=21223"},{"taxonomy":"product_tag","embeddable":true,"href":"https:\/\/phmus.org\/en\/wp-json\/wp\/v2\/product_tag?post=21223"}],"curies":[{"name":"wp","href":"https:\/\/api.w.org\/{rel}","templated":true}]}}