{"id":23736,"date":"2026-01-28T18:54:29","date_gmt":"2026-01-28T16:54:29","guid":{"rendered":"https:\/\/phmus.org\/?post_type=product&#038;p=23736"},"modified":"2026-01-28T19:41:45","modified_gmt":"2026-01-28T17:41:45","slug":"fleur-de-coin-studies-offered-to-francois-de-callatay-by-his-students-and-friends","status":"publish","type":"product","link":"https:\/\/phmus.org\/en\/product\/fleur-de-coin-studies-offered-to-francois-de-callatay-by-his-students-and-friends\/","title":{"rendered":"FLEUR DE COIN, Studies offered to Fran\u00e7ois de Callata\u00ff by his students and friends"},"content":{"rendered":"<p>FLEUR DE COIN, Studies offered to Fran\u00e7ois de Callata\u00ff by his students and friends<br \/>\nEdited by: Panagiotis P. Iossif, Yannis Stoyas.<\/p>\n<p>Publisher: <a href=\"https:\/\/biblionet.gr\/bend-p10070\">Bend<\/a><br \/>\nFirst publish date: Athens, 10\/2025<br \/>\nISBN: 978-618-86727-5-8<br \/>\nPrice 68.00\u20ac<br \/>\nCover: Hard-bound<br \/>\nPages: 760<br \/>\nDimensions (cm): 27\u03a720<br \/>\nWeight (gr): 2000<br \/>\nNotes: Bilingual edition: English &#8211; French<\/p>\n<p>Collective volume containing thirty papers in honour of Fran\u00e7ois de Callata\u00ff.<\/p>\n<p>The publication covers seven fields related to the contributions of F. de Callata\u00ff, from studies of matrices and numismatic &#8220;treasures&#8221; to the reception of Numismatics and metallurgical analyses.<\/p>\n<p>Eminent scholars offer new perspectives, inspired by the work and personality of the honoured.<\/p>\n<p>Fran\u00e7ois de Callata\u00ff is a distinguished archaeologist and one of the most important experts on Greek Numismatics and economic history of antiquity.He specialises in the reception of antiquity during the period between the 16th and 18th centuries in the Western world. His research focuses primarily on the coins of the Hellenistic kingdoms from Alexander the Great to Mithridates VI Eupator, king of Pontus, whose numismatic production was the subject of his doctoral dissertation. He is credited with sparking the scientific community&#8217;s interest in the value of quantifications of the monetary productions of the Greco-Roman world.\u00a0He is the founder of the FINA project (Fontes Inediti Numismaticae Antiquae), which aims to issue unpublished sources on ancient coins before 1800.<\/p>\n<p>He works as a chief curator at the Royal Library of Belgium in Brussels, is a professor at the Universit\u00e9 Libre de Bruxelles (ULB) and director of studies at the renowned Ecole Pratique des Hautes Etudes in Paris. He is a full member of the Royal Belgian Academy and the Academia Europaea, and is a corresponding member of the Academy of Inscriptions and Letters(Acad\u00e9mie des Inscriptions et Belles-Lettres) and the German Archaeological Institute(Deutsches Archaeologisches Institut), while in 2007 he was honoured with the highest distinction awarded to Belgian scientists, the Francqui Prize. In 2025 he was honoured with the Lord Byron Medal for his continuous contribution to the promotion of Greek culture.\u00a0\u00a0Bilingual edition: English \u2013 French<\/p>\n<p>Authors: Francis Albar\u00e8de, Michel Amandry, Dana Ashkenazi, Gholam Reza Farhad Assar, Ianthi Assimakopoulou, Roger Bland, Janne Blichert-Toft, Jaros\u0142aw Bodzek, Dilyana Boteva, Alain Bresson, Andrew Burnett, Kevin Butcher, Maayan Cohen, Omar Coloru, Fabrice Delrieux, Jean-Marc Doyen, Fr\u00e9derique Duyrat, Christophe Flament, Haim Gitler, Panagiotis P. Iossif, Mati Johananoff, Catharine C. Lorber, John N. Lupia, III, Laurianne Martinez-S\u00e8ve, Andrew Meadows, Federica Missere Fontana, Ilya S. Prokopov, Fran\u00e7ois Queyrel, Hadrien J. Rambach, Yannis Stoyas, Oren Tal, Peter van Alfen, Tim van den Hooven, Johan van Heesch, Bernhard Weisser, Bernhard Woytek<\/p>\n","protected":false},"excerpt":{"rendered":"<p>FLEUR DE COIN, Studies offered to Fran\u00e7ois de Callata\u00ff by his students and friends Edited by: Panagiotis P. Iossif, Yannis Stoyas. Publisher: Bend First publish date: Athens, 10\/2025 ISBN: 978-618-86727-5-8 Price 68.00\u20ac Cover: Hard-bound Pages: 760 Dimensions (cm): 27\u03a720 Weight (gr): 2000 Notes: Bilingual edition: English &#8211; French Collective volume containing thirty papers in honour [&hellip;]<\/p>\n","protected":false},"featured_media":23728,"template":"","meta":{"inline_featured_image":false,"_exactmetrics_skip_tracking":false,"_exactmetrics_sitenote_active":false,"_exactmetrics_sitenote_note":"","_exactmetrics_sitenote_category":0},"product_brand":[],"product_cat":[174],"product_tag":[],"class_list":{"0":"post-23736","1":"product","2":"type-product","3":"status-publish","4":"has-post-thumbnail","6":"product_cat-books","8":"first","9":"instock","10":"shipping-taxable","11":"purchasable","12":"product-type-simple"},"yoast_head":"<!-- This site is optimized with the Yoast SEO plugin v27.3 - https:\/\/yoast.com\/product\/yoast-seo-wordpress\/ -->\n<title>FLEUR DE COIN, Studies offered to Fran\u00e7ois de Callata\u00ff by his students and friends - \u039c\u039f\u03a5\u03a3\u0395\u0399\u039f \u03a6\u0399\u039b\u0395\u039b\u039b\u0397\u039d\u0399\u03a3\u039c\u039f\u03a5<\/title>\n<meta name=\"robots\" content=\"index, follow, max-snippet:-1, max-image-preview:large, max-video-preview:-1\" \/>\n<link rel=\"canonical\" href=\"https:\/\/phmus.org\/en\/product\/fleur-de-coin-studies-offered-to-francois-de-callatay-by-his-students-and-friends\/\" \/>\n<meta property=\"og:locale\" content=\"en_US\" \/>\n<meta property=\"og:type\" content=\"article\" \/>\n<meta property=\"og:title\" content=\"FLEUR DE COIN, Studies offered to Fran\u00e7ois de Callata\u00ff by his students and friends - \u039c\u039f\u03a5\u03a3\u0395\u0399\u039f \u03a6\u0399\u039b\u0395\u039b\u039b\u0397\u039d\u0399\u03a3\u039c\u039f\u03a5\" \/>\n<meta property=\"og:description\" content=\"FLEUR DE COIN, Studies offered to Fran\u00e7ois de Callata\u00ff by his students and friends Edited by: Panagiotis P. Iossif, Yannis Stoyas. Publisher: Bend First publish date: Athens, 10\/2025 ISBN: 978-618-86727-5-8 Price 68.00\u20ac Cover: Hard-bound Pages: 760 Dimensions (cm): 27\u03a720 Weight (gr): 2000 Notes: Bilingual edition: English &#8211; French Collective volume containing thirty papers in honour [&hellip;]\" \/>\n<meta property=\"og:url\" content=\"https:\/\/phmus.org\/en\/product\/fleur-de-coin-studies-offered-to-francois-de-callatay-by-his-students-and-friends\/\" \/>\n<meta property=\"og:site_name\" content=\"\u039c\u039f\u03a5\u03a3\u0395\u0399\u039f \u03a6\u0399\u039b\u0395\u039b\u039b\u0397\u039d\u0399\u03a3\u039c\u039f\u03a5\" \/>\n<meta property=\"article:modified_time\" content=\"2026-01-28T17:41:45+00:00\" \/>\n<meta property=\"og:image\" content=\"https:\/\/phmus.org\/wp-content\/uploads\/2026\/01\/Fleur-de-Coin.jpg\" \/>\n\t<meta property=\"og:image:width\" content=\"519\" \/>\n\t<meta property=\"og:image:height\" content=\"686\" \/>\n\t<meta property=\"og:image:type\" content=\"image\/jpeg\" \/>\n<meta name=\"twitter:card\" content=\"summary_large_image\" \/>\n<script type=\"application\/ld+json\" class=\"yoast-schema-graph\">{\"@context\":\"https:\\\/\\\/schema.org\",\"@graph\":[{\"@type\":\"WebPage\",\"@id\":\"https:\\\/\\\/phmus.org\\\/en\\\/product\\\/fleur-de-coin-studies-offered-to-francois-de-callatay-by-his-students-and-friends\\\/\",\"url\":\"https:\\\/\\\/phmus.org\\\/en\\\/product\\\/fleur-de-coin-studies-offered-to-francois-de-callatay-by-his-students-and-friends\\\/\",\"name\":\"FLEUR DE COIN, Studies offered to Fran\u00e7ois de Callata\u00ff by his students and friends - \u039c\u039f\u03a5\u03a3\u0395\u0399\u039f \u03a6\u0399\u039b\u0395\u039b\u039b\u0397\u039d\u0399\u03a3\u039c\u039f\u03a5\",\"isPartOf\":{\"@id\":\"https:\\\/\\\/phmus.org\\\/en\\\/#website\"},\"primaryImageOfPage\":{\"@id\":\"https:\\\/\\\/phmus.org\\\/en\\\/product\\\/fleur-de-coin-studies-offered-to-francois-de-callatay-by-his-students-and-friends\\\/#primaryimage\"},\"image\":{\"@id\":\"https:\\\/\\\/phmus.org\\\/en\\\/product\\\/fleur-de-coin-studies-offered-to-francois-de-callatay-by-his-students-and-friends\\\/#primaryimage\"},\"thumbnailUrl\":\"https:\\\/\\\/phmus.org\\\/wp-content\\\/uploads\\\/2026\\\/01\\\/Fleur-de-Coin.jpg\",\"datePublished\":\"2026-01-28T16:54:29+00:00\",\"dateModified\":\"2026-01-28T17:41:45+00:00\",\"breadcrumb\":{\"@id\":\"https:\\\/\\\/phmus.org\\\/en\\\/product\\\/fleur-de-coin-studies-offered-to-francois-de-callatay-by-his-students-and-friends\\\/#breadcrumb\"},\"inLanguage\":\"en-US\",\"potentialAction\":[{\"@type\":\"ReadAction\",\"target\":[\"https:\\\/\\\/phmus.org\\\/en\\\/product\\\/fleur-de-coin-studies-offered-to-francois-de-callatay-by-his-students-and-friends\\\/\"]}]},{\"@type\":\"ImageObject\",\"inLanguage\":\"en-US\",\"@id\":\"https:\\\/\\\/phmus.org\\\/en\\\/product\\\/fleur-de-coin-studies-offered-to-francois-de-callatay-by-his-students-and-friends\\\/#primaryimage\",\"url\":\"https:\\\/\\\/phmus.org\\\/wp-content\\\/uploads\\\/2026\\\/01\\\/Fleur-de-Coin.jpg\",\"contentUrl\":\"https:\\\/\\\/phmus.org\\\/wp-content\\\/uploads\\\/2026\\\/01\\\/Fleur-de-Coin.jpg\",\"width\":519,\"height\":686},{\"@type\":\"BreadcrumbList\",\"@id\":\"https:\\\/\\\/phmus.org\\\/en\\\/product\\\/fleur-de-coin-studies-offered-to-francois-de-callatay-by-his-students-and-friends\\\/#breadcrumb\",\"itemListElement\":[{\"@type\":\"ListItem\",\"position\":1,\"name\":\"Home\",\"item\":\"https:\\\/\\\/phmus.org\\\/en\\\/\"},{\"@type\":\"ListItem\",\"position\":2,\"name\":\"Shop\",\"item\":\"https:\\\/\\\/phmus.org\\\/en\\\/shop\\\/\"},{\"@type\":\"ListItem\",\"position\":3,\"name\":\"FLEUR DE COIN, Studies offered to Fran\u00e7ois de Callata\u00ff by his students and friends\"}]},{\"@type\":\"WebSite\",\"@id\":\"https:\\\/\\\/phmus.org\\\/en\\\/#website\",\"url\":\"https:\\\/\\\/phmus.org\\\/en\\\/\",\"name\":\"\u039c\u039f\u03a5\u03a3\u0395\u0399\u039f \u03a6\u0399\u039b\u0395\u039b\u039b\u0397\u039d\u0399\u03a3\u039c\u039f\u03a5\",\"description\":\"\u0388\u03c1\u03b3\u03bf \u03c4\u03b7\u03c2 \u0395\u03c4\u03b1\u03b9\u03c1\u03b5\u03af\u03b1\u03c2 \u03b3\u03b9\u03b1 \u03c4\u03bf\u03bd \u0395\u03bb\u03bb\u03b7\u03bd\u03b9\u03c3\u03bc\u03cc \u03ba\u03b1\u03b9 \u03a6\u03b9\u03bb\u03b5\u03bb\u03bb\u03b7\u03bd\u03b9\u03c3\u03bc\u03cc\",\"publisher\":{\"@id\":\"https:\\\/\\\/phmus.org\\\/en\\\/#organization\"},\"potentialAction\":[{\"@type\":\"SearchAction\",\"target\":{\"@type\":\"EntryPoint\",\"urlTemplate\":\"https:\\\/\\\/phmus.org\\\/en\\\/?s={search_term_string}\"},\"query-input\":{\"@type\":\"PropertyValueSpecification\",\"valueRequired\":true,\"valueName\":\"search_term_string\"}}],\"inLanguage\":\"en-US\"},{\"@type\":\"Organization\",\"@id\":\"https:\\\/\\\/phmus.org\\\/en\\\/#organization\",\"name\":\"\u039c\u039f\u03a5\u03a3\u0395\u0399\u039f \u03a6\u0399\u039b\u0395\u039b\u039b\u0397\u039d\u0399\u03a3\u039c\u039f\u03a5\",\"url\":\"https:\\\/\\\/phmus.org\\\/en\\\/\",\"logo\":{\"@type\":\"ImageObject\",\"inLanguage\":\"en-US\",\"@id\":\"https:\\\/\\\/phmus.org\\\/en\\\/#\\\/schema\\\/logo\\\/image\\\/\",\"url\":\"https:\\\/\\\/phmus.org\\\/wp-content\\\/uploads\\\/2021\\\/04\\\/logo_museum_el.png\",\"contentUrl\":\"https:\\\/\\\/phmus.org\\\/wp-content\\\/uploads\\\/2021\\\/04\\\/logo_museum_el.png\",\"width\":275,\"height\":85,\"caption\":\"\u039c\u039f\u03a5\u03a3\u0395\u0399\u039f \u03a6\u0399\u039b\u0395\u039b\u039b\u0397\u039d\u0399\u03a3\u039c\u039f\u03a5\"},\"image\":{\"@id\":\"https:\\\/\\\/phmus.org\\\/en\\\/#\\\/schema\\\/logo\\\/image\\\/\"}}]}<\/script>\n<!-- \/ Yoast SEO plugin. -->","yoast_head_json":{"title":"FLEUR DE COIN, Studies offered to Fran\u00e7ois de Callata\u00ff by his students and friends - \u039c\u039f\u03a5\u03a3\u0395\u0399\u039f \u03a6\u0399\u039b\u0395\u039b\u039b\u0397\u039d\u0399\u03a3\u039c\u039f\u03a5","robots":{"index":"index","follow":"follow","max-snippet":"max-snippet:-1","max-image-preview":"max-image-preview:large","max-video-preview":"max-video-preview:-1"},"canonical":"https:\/\/phmus.org\/en\/product\/fleur-de-coin-studies-offered-to-francois-de-callatay-by-his-students-and-friends\/","og_locale":"en_US","og_type":"article","og_title":"FLEUR DE COIN, Studies offered to Fran\u00e7ois de Callata\u00ff by his students and friends - \u039c\u039f\u03a5\u03a3\u0395\u0399\u039f \u03a6\u0399\u039b\u0395\u039b\u039b\u0397\u039d\u0399\u03a3\u039c\u039f\u03a5","og_description":"FLEUR DE COIN, Studies offered to Fran\u00e7ois de Callata\u00ff by his students and friends Edited by: Panagiotis P. Iossif, Yannis Stoyas. Publisher: Bend First publish date: Athens, 10\/2025 ISBN: 978-618-86727-5-8 Price 68.00\u20ac Cover: Hard-bound Pages: 760 Dimensions (cm): 27\u03a720 Weight (gr): 2000 Notes: Bilingual edition: English &#8211; French Collective volume containing thirty papers in honour [&hellip;]","og_url":"https:\/\/phmus.org\/en\/product\/fleur-de-coin-studies-offered-to-francois-de-callatay-by-his-students-and-friends\/","og_site_name":"\u039c\u039f\u03a5\u03a3\u0395\u0399\u039f \u03a6\u0399\u039b\u0395\u039b\u039b\u0397\u039d\u0399\u03a3\u039c\u039f\u03a5","article_modified_time":"2026-01-28T17:41:45+00:00","og_image":[{"width":519,"height":686,"url":"https:\/\/phmus.org\/wp-content\/uploads\/2026\/01\/Fleur-de-Coin.jpg","type":"image\/jpeg"}],"twitter_card":"summary_large_image","schema":{"@context":"https:\/\/schema.org","@graph":[{"@type":"WebPage","@id":"https:\/\/phmus.org\/en\/product\/fleur-de-coin-studies-offered-to-francois-de-callatay-by-his-students-and-friends\/","url":"https:\/\/phmus.org\/en\/product\/fleur-de-coin-studies-offered-to-francois-de-callatay-by-his-students-and-friends\/","name":"FLEUR DE COIN, Studies offered to Fran\u00e7ois de Callata\u00ff by his students and friends - \u039c\u039f\u03a5\u03a3\u0395\u0399\u039f \u03a6\u0399\u039b\u0395\u039b\u039b\u0397\u039d\u0399\u03a3\u039c\u039f\u03a5","isPartOf":{"@id":"https:\/\/phmus.org\/en\/#website"},"primaryImageOfPage":{"@id":"https:\/\/phmus.org\/en\/product\/fleur-de-coin-studies-offered-to-francois-de-callatay-by-his-students-and-friends\/#primaryimage"},"image":{"@id":"https:\/\/phmus.org\/en\/product\/fleur-de-coin-studies-offered-to-francois-de-callatay-by-his-students-and-friends\/#primaryimage"},"thumbnailUrl":"https:\/\/phmus.org\/wp-content\/uploads\/2026\/01\/Fleur-de-Coin.jpg","datePublished":"2026-01-28T16:54:29+00:00","dateModified":"2026-01-28T17:41:45+00:00","breadcrumb":{"@id":"https:\/\/phmus.org\/en\/product\/fleur-de-coin-studies-offered-to-francois-de-callatay-by-his-students-and-friends\/#breadcrumb"},"inLanguage":"en-US","potentialAction":[{"@type":"ReadAction","target":["https:\/\/phmus.org\/en\/product\/fleur-de-coin-studies-offered-to-francois-de-callatay-by-his-students-and-friends\/"]}]},{"@type":"ImageObject","inLanguage":"en-US","@id":"https:\/\/phmus.org\/en\/product\/fleur-de-coin-studies-offered-to-francois-de-callatay-by-his-students-and-friends\/#primaryimage","url":"https:\/\/phmus.org\/wp-content\/uploads\/2026\/01\/Fleur-de-Coin.jpg","contentUrl":"https:\/\/phmus.org\/wp-content\/uploads\/2026\/01\/Fleur-de-Coin.jpg","width":519,"height":686},{"@type":"BreadcrumbList","@id":"https:\/\/phmus.org\/en\/product\/fleur-de-coin-studies-offered-to-francois-de-callatay-by-his-students-and-friends\/#breadcrumb","itemListElement":[{"@type":"ListItem","position":1,"name":"Home","item":"https:\/\/phmus.org\/en\/"},{"@type":"ListItem","position":2,"name":"Shop","item":"https:\/\/phmus.org\/en\/shop\/"},{"@type":"ListItem","position":3,"name":"FLEUR DE COIN, Studies offered to Fran\u00e7ois de Callata\u00ff by his students and friends"}]},{"@type":"WebSite","@id":"https:\/\/phmus.org\/en\/#website","url":"https:\/\/phmus.org\/en\/","name":"\u039c\u039f\u03a5\u03a3\u0395\u0399\u039f \u03a6\u0399\u039b\u0395\u039b\u039b\u0397\u039d\u0399\u03a3\u039c\u039f\u03a5","description":"\u0388\u03c1\u03b3\u03bf \u03c4\u03b7\u03c2 \u0395\u03c4\u03b1\u03b9\u03c1\u03b5\u03af\u03b1\u03c2 \u03b3\u03b9\u03b1 \u03c4\u03bf\u03bd \u0395\u03bb\u03bb\u03b7\u03bd\u03b9\u03c3\u03bc\u03cc \u03ba\u03b1\u03b9 \u03a6\u03b9\u03bb\u03b5\u03bb\u03bb\u03b7\u03bd\u03b9\u03c3\u03bc\u03cc","publisher":{"@id":"https:\/\/phmus.org\/en\/#organization"},"potentialAction":[{"@type":"SearchAction","target":{"@type":"EntryPoint","urlTemplate":"https:\/\/phmus.org\/en\/?s={search_term_string}"},"query-input":{"@type":"PropertyValueSpecification","valueRequired":true,"valueName":"search_term_string"}}],"inLanguage":"en-US"},{"@type":"Organization","@id":"https:\/\/phmus.org\/en\/#organization","name":"\u039c\u039f\u03a5\u03a3\u0395\u0399\u039f \u03a6\u0399\u039b\u0395\u039b\u039b\u0397\u039d\u0399\u03a3\u039c\u039f\u03a5","url":"https:\/\/phmus.org\/en\/","logo":{"@type":"ImageObject","inLanguage":"en-US","@id":"https:\/\/phmus.org\/en\/#\/schema\/logo\/image\/","url":"https:\/\/phmus.org\/wp-content\/uploads\/2021\/04\/logo_museum_el.png","contentUrl":"https:\/\/phmus.org\/wp-content\/uploads\/2021\/04\/logo_museum_el.png","width":275,"height":85,"caption":"\u039c\u039f\u03a5\u03a3\u0395\u0399\u039f \u03a6\u0399\u039b\u0395\u039b\u039b\u0397\u039d\u0399\u03a3\u039c\u039f\u03a5"},"image":{"@id":"https:\/\/phmus.org\/en\/#\/schema\/logo\/image\/"}}]}},"_links":{"self":[{"href":"https:\/\/phmus.org\/en\/wp-json\/wp\/v2\/product\/23736","targetHints":{"allow":["GET"]}}],"collection":[{"href":"https:\/\/phmus.org\/en\/wp-json\/wp\/v2\/product"}],"about":[{"href":"https:\/\/phmus.org\/en\/wp-json\/wp\/v2\/types\/product"}],"wp:featuredmedia":[{"embeddable":true,"href":"https:\/\/phmus.org\/en\/wp-json\/wp\/v2\/media\/23728"}],"wp:attachment":[{"href":"https:\/\/phmus.org\/en\/wp-json\/wp\/v2\/media?parent=23736"}],"wp:term":[{"taxonomy":"product_brand","embeddable":true,"href":"https:\/\/phmus.org\/en\/wp-json\/wp\/v2\/product_brand?post=23736"},{"taxonomy":"product_cat","embeddable":true,"href":"https:\/\/phmus.org\/en\/wp-json\/wp\/v2\/product_cat?post=23736"},{"taxonomy":"product_tag","embeddable":true,"href":"https:\/\/phmus.org\/en\/wp-json\/wp\/v2\/product_tag?post=23736"}],"curies":[{"name":"wp","href":"https:\/\/api.w.org\/{rel}","templated":true}]}}